{"id":3013,"date":"2023-05-12T18:22:06","date_gmt":"2023-05-12T18:22:06","guid":{"rendered":"https:\/\/staging.huntu.care\/guia-pa-adulto\/"},"modified":"2025-11-05T16:27:34","modified_gmt":"2025-11-05T16:27:34","slug":"guia-pa-adulto","status":"publish","type":"page","link":"https:\/\/www.huntu.care\/pap\/guia-pa-adulto\/","title":{"rendered":"Guia pa adulto"},"content":{"rendered":"\t\t<div data-elementor-type=\"wp-page\" data-elementor-id=\"3013\" class=\"elementor elementor-3013 elementor-2704\" data-elementor-post-type=\"page\">\n\t\t\t\t<div class=\"elementor-element elementor-element-974d8b3 e-con-full e-flex e-con e-parent\" data-id=\"974d8b3\" data-element_type=\"container\" data-e-type=\"container\">\n\t\t<div class=\"elementor-element elementor-element-3c61caad e-flex e-con-boxed e-con e-parent\" data-id=\"3c61caad\" data-element_type=\"container\" data-e-type=\"container\" data-settings=\"{&quot;background_background&quot;:&quot;classic&quot;}\">\n\t\t\t\t\t<div class=\"e-con-inner\">\n\t\t\t\t<div class=\"elementor-element elementor-element-42cf5630 elementor-widget elementor-widget-heading\" data-id=\"42cf5630\" data-element_type=\"widget\" data-e-type=\"widget\" data-widget_type=\"heading.default\">\n\t\t\t\t<div class=\"elementor-widget-container\">\n\t\t\t\t\t<h1 class=\"elementor-heading-title elementor-size-default\">Guia pa adulto<\/h1>\t\t\t\t<\/div>\n\t\t\t\t<\/div>\n\t\t\t\t\t<\/div>\n\t\t\t\t<\/div>\n\t\t<div class=\"elementor-element elementor-element-1bbd5a84 e-flex e-con-boxed e-con e-parent\" data-id=\"1bbd5a84\" data-element_type=\"container\" data-e-type=\"container\" data-settings=\"{&quot;background_background&quot;:&quot;classic&quot;}\">\n\t\t\t\t\t<div class=\"e-con-inner\">\n\t\t\t\t\t<\/div>\n\t\t\t\t<\/div>\n\t\t\t\t<\/div>\n\t\t<div class=\"elementor-element elementor-element-31349c6c e-con-full e-flex e-con e-parent\" data-id=\"31349c6c\" data-element_type=\"container\" data-e-type=\"container\">\n\t\t<div class=\"elementor-element elementor-element-623af9f1 e-con-full e-flex e-con e-parent\" data-id=\"623af9f1\" data-element_type=\"container\" data-e-type=\"container\">\n\t\t\t\t<div class=\"elementor-element elementor-element-73587f8a elementor-view-default elementor-widget elementor-widget-icon\" data-id=\"73587f8a\" data-element_type=\"widget\" data-e-type=\"widget\" data-widget_type=\"icon.default\">\n\t\t\t\t<div class=\"elementor-widget-container\">\n\t\t\t\t\t\t\t<div class=\"elementor-icon-wrapper\">\n\t\t\t<div class=\"elementor-icon\">\n\t\t\t<svg xmlns=\"http:\/\/www.w3.org\/2000\/svg\" xmlns:xlink=\"http:\/\/www.w3.org\/1999\/xlink\" id=\"svg\" width=\"400\" height=\"400\" viewBox=\"0, 0, 400,400\"><g id=\"svgg\"><path id=\"path0\" d=\"M270.220 63.336 C 254.464 65.651,243.151 70.745,234.808 79.279 C 231.174 82.996,228.416 85.140,226.812 85.492 C 197.019 92.036,191.485 138.661,216.900 169.005 C 218.650 171.094,218.750 171.797,218.750 182.022 C 218.750 202.028,222.659 214.246,233.299 227.497 L 237.500 232.729 237.500 243.994 C 237.500 259.145,238.898 257.737,216.390 265.240 C 203.927 269.394,198.183 271.672,197.647 272.673 C 196.407 274.990,196.731 279.322,198.242 280.620 C 201.078 283.055,202.612 282.953,212.945 279.641 L 223.156 276.368 229.458 281.455 C 261.359 307.210,311.706 305.551,337.368 277.899 L 339.189 275.937 351.430 280.038 C 380.429 289.756,388.248 300.001,388.275 328.320 C 388.284 336.934,393.551 340.824,398.502 335.873 C 401.127 333.248,400.450 310.641,397.503 302.495 C 390.775 283.896,381.769 276.961,350.781 266.517 C 339.395 262.679,329.450 259.284,328.682 258.972 C 325.761 257.784,325.000 254.517,325.000 243.154 L 325.000 232.324 327.406 230.029 C 337.395 220.503,343.734 203.648,343.745 186.592 L 343.750 177.481 346.906 172.007 C 378.464 117.270,361.913 71.900,307.390 63.682 C 299.030 62.422,277.784 62.224,270.220 63.336 M86.656 75.789 C 53.415 81.415,27.023 106.710,20.229 139.453 C 18.889 145.915,18.770 150.802,18.760 199.774 L 18.750 253.064 20.460 254.657 C 22.100 256.185,23.104 256.250,45.069 256.250 C 75.884 256.250,76.022 257.641,46.194 267.597 C 18.570 276.818,9.728 283.794,2.619 301.973 C -0.414 309.727,-1.197 333.178,1.487 335.862 C 6.449 340.824,11.716 336.944,11.725 328.320 C 11.750 302.151,20.105 289.635,42.635 282.014 L 48.942 279.880 50.984 283.104 C 59.699 296.862,92.361 325.000,99.616 325.000 C 106.512 325.000,134.937 301.441,145.771 286.744 C 151.101 279.514,150.120 279.816,158.771 282.740 C 178.633 289.454,187.500 302.275,187.500 324.278 C 187.500 335.236,188.570 337.500,193.750 337.500 C 199.423 337.500,200.233 335.355,199.795 321.484 C 198.845 291.398,188.335 279.314,152.819 267.476 C 135.714 261.775,131.250 259.620,131.250 257.067 C 131.250 256.517,138.796 256.250,154.332 256.250 L 177.415 256.250 179.372 254.293 L 181.328 252.336 181.063 197.848 C 180.766 136.815,180.975 139.203,174.624 124.145 C 160.352 90.304,122.814 69.670,86.656 75.789 M310.970 76.856 C 345.360 84.773,357.772 109.101,345.489 144.511 L 344.006 148.787 343.503 145.643 C 341.674 134.208,331.873 124.772,317.444 120.557 C 311.398 118.791,252.646 118.025,246.887 119.637 C 237.972 122.133,228.069 141.204,232.444 147.451 C 236.284 152.934,242.024 150.107,244.961 141.288 C 246.139 137.751,247.915 134.046,248.907 133.054 L 250.710 131.250 278.912 131.250 C 315.299 131.250,321.919 132.693,328.485 142.058 L 330.859 145.444 331.086 169.534 C 331.347 197.192,330.957 200.097,325.597 210.450 C 310.299 239.997,270.727 246.530,247.002 223.426 C 235.422 212.149,231.924 202.751,231.301 181.244 L 230.859 166.003 226.311 160.193 C 211.723 141.560,208.572 119.812,218.563 106.718 C 222.664 101.343,225.170 99.737,224.540 102.886 C 223.363 108.770,226.370 113.281,231.468 113.281 C 235.454 113.281,236.741 111.341,237.120 104.761 C 238.002 89.451,248.630 80.131,269.792 76.108 C 277.192 74.702,303.704 75.183,310.970 76.856 M112.627 88.601 C 138.156 93.503,158.041 111.864,166.188 138.056 L 168.323 144.922 168.574 194.336 L 168.826 243.750 150.038 243.750 C 127.619 243.750,128.320 244.375,138.901 233.811 C 147.182 225.542,151.737 218.011,154.389 208.203 C 156.427 200.665,156.870 174.504,155.041 169.715 C 150.512 157.856,128.248 144.344,88.932 129.593 C 72.693 123.500,68.750 123.806,68.750 131.159 C 68.750 135.087,69.954 136.052,78.906 139.296 C 108.793 150.127,132.900 162.413,140.551 170.714 L 143.750 174.184 143.736 185.725 C 143.700 216.654,128.457 235.630,102.344 237.253 C 74.827 238.964,57.080 220.207,56.412 188.707 C 56.039 171.079,56.086 170.879,63.272 159.781 C 69.186 150.645,69.321 150.245,67.607 146.931 C 64.077 140.104,59.220 142.550,50.859 155.367 C 43.901 166.033,43.534 167.790,43.939 188.542 C 44.427 213.545,49.147 225.131,63.639 236.894 C 72.020 243.697,71.916 243.750,50.000 243.750 L 31.250 243.750 31.250 195.413 L 31.250 147.075 33.145 139.607 C 42.087 104.356,77.229 81.804,112.627 88.601 M251.835 164.501 C 249.034 167.301,249.312 177.389,252.254 179.772 C 257.584 184.088,262.500 180.155,262.500 171.577 C 262.500 163.080,256.942 159.393,251.835 164.501 M302.310 163.933 C 299.124 166.512,299.158 176.502,302.364 179.707 C 307.069 184.412,312.500 180.258,312.500 171.954 C 312.500 163.380,307.679 159.585,302.310 163.933 M73.574 170.558 C 70.830 173.479,71.068 183.627,73.933 185.881 C 79.321 190.119,84.375 186.364,84.375 178.125 C 84.375 169.836,78.270 165.559,73.574 170.558 M117.683 170.369 C 112.601 174.367,115.720 187.500,121.753 187.500 C 126.337 187.500,127.734 185.310,127.734 178.125 C 127.734 169.309,123.341 165.919,117.683 170.369 M264.496 199.496 C 256.236 207.756,273.064 215.269,290.793 211.237 C 299.583 209.237,302.908 203.785,298.095 199.264 C 296.033 197.327,295.042 197.328,286.557 199.282 C 282.946 200.113,281.164 200.124,277.182 199.336 C 267.007 197.324,266.663 197.328,264.496 199.496 M82.949 205.714 C 73.939 215.305,98.832 223.307,114.472 215.849 C 124.275 211.174,117.521 201.807,106.712 205.087 C 104.602 205.726,101.406 206.250,99.609 206.250 C 97.812 206.250,94.616 205.726,92.507 205.087 C 87.172 203.468,84.920 203.616,82.949 205.714 M257.422 245.196 C 273.314 251.981,301.980 250.725,310.508 242.871 C 312.108 241.397,312.500 242.408,312.500 248.008 C 312.500 259.526,315.562 266.352,322.332 269.924 L 325.523 271.608 321.550 274.556 C 298.490 291.669,264.417 291.640,241.073 274.488 L 237.224 271.660 240.016 270.227 C 247.036 266.626,250.000 260.396,250.000 249.240 C 250.000 243.761,250.235 242.122,250.977 242.441 C 251.514 242.673,254.414 243.912,257.422 245.196 M97.266 249.738 C 104.516 250.124,112.672 249.115,117.383 247.249 C 118.614 246.762,118.750 247.310,118.750 252.755 C 118.750 264.432,123.024 270.831,133.053 274.169 L 138.284 275.910 134.596 280.604 C 127.484 289.657,103.106 310.938,99.848 310.938 C 97.241 310.938,75.505 292.943,69.106 285.486 C 60.636 275.616,60.700 275.934,66.769 273.922 C 76.278 270.771,80.436 264.961,81.064 253.945 L 81.451 247.156 85.452 248.239 C 87.653 248.835,92.969 249.509,97.266 249.738 \" stroke=\"none\" fill=\"#000000\" fill-rule=\"evenodd\"><\/path><\/g><\/svg>\t\t\t<\/div>\n\t\t<\/div>\n\t\t\t\t\t\t<\/div>\n\t\t\t\t<\/div>\n\t\t\t\t<div class=\"elementor-element elementor-element-65eebd62 elementor-widget elementor-widget-heading\" data-id=\"65eebd62\" data-element_type=\"widget\" data-e-type=\"widget\" data-widget_type=\"heading.default\">\n\t\t\t\t<div class=\"elementor-widget-container\">\n\t\t\t\t\t<h2 class=\"elementor-heading-title elementor-size-default\">General<\/h2>\t\t\t\t<\/div>\n\t\t\t\t<\/div>\n\t\t\t\t<div class=\"elementor-element elementor-element-7f5122b7 elementor-widget elementor-widget-text-editor\" data-id=\"7f5122b7\" data-element_type=\"widget\" data-e-type=\"widget\" data-widget_type=\"text-editor.default\">\n\t\t\t\t<div class=\"elementor-widget-container\">\n\t\t\t\t\t\t\t\t\t<p>Guia ta apto pa tur adulto ku mester di \u00e8kstra guia \u00f2f struktura. Un diagnostiko pa risib\u00ed ayudo no ta nesesario tanten e adulto ta habr\u00ed pa ha\u00f1a guia. Durante di guia ta pone hopi atenshon na struktura, planiamentu, predesibilidat i klaridat. Nos ta spesialis\u00e1 den outismo, pero e m\u00e9todo aki ta funshona bon tambe pa hendenan ku entre otro ADHD, ansiedat, depreshon \u00f2f adultonan ku tin nesesidat di klaridat \u00f2f ku ta sufriendo di un burn-out. Lo adapta guia mas ku ta posibel riba e deseo i nesesidat di e adulto.<\/p>\t\t\t\t\t\t\t\t<\/div>\n\t\t\t\t<\/div>\n\t\t\t\t<\/div>\n\t\t\t\t<\/div>\n\t\t<div class=\"elementor-element elementor-element-3a2ad425 e-con-full e-flex e-con e-parent\" data-id=\"3a2ad425\" data-element_type=\"container\" data-e-type=\"container\">\n\t\t<div class=\"elementor-element elementor-element-5feeaa95 e-con-full e-flex e-con e-parent\" data-id=\"5feeaa95\" data-element_type=\"container\" data-e-type=\"container\" data-settings=\"{&quot;background_background&quot;:&quot;classic&quot;}\">\n\t\t\t\t<div class=\"elementor-element elementor-element-9ebdccc elementor-widget elementor-widget-image\" data-id=\"9ebdccc\" data-element_type=\"widget\" data-e-type=\"widget\" data-widget_type=\"image.default\">\n\t\t\t\t<div class=\"elementor-widget-container\">\n\t\t\t\t\t\t\t\t\t\t\t\t\t\t\t<img fetchpriority=\"high\" decoding=\"async\" width=\"300\" height=\"300\" src=\"https:\/\/www.huntu.care\/wp-content\/uploads\/2023\/05\/image2vector-13-svg-300x300.png\" class=\"attachment-medium size-medium wp-image-2793\" alt=\"\" srcset=\"https:\/\/www.huntu.care\/wp-content\/uploads\/2023\/05\/image2vector-13-svg-300x300.png 300w, https:\/\/www.huntu.care\/wp-content\/uploads\/2023\/05\/image2vector-13-svg-150x150.png 150w, https:\/\/www.huntu.care\/wp-content\/uploads\/2023\/05\/image2vector-13-svg.png 400w\" sizes=\"(max-width: 300px) 100vw, 300px\" \/>\t\t\t\t\t\t\t\t\t\t\t\t\t\t\t<\/div>\n\t\t\t\t<\/div>\n\t\t\t\t<\/div>\n\t\t<div class=\"elementor-element elementor-element-7a00ac2a e-con-full e-flex e-con e-parent\" data-id=\"7a00ac2a\" data-element_type=\"container\" data-e-type=\"container\">\n\t\t\t\t<div class=\"elementor-element elementor-element-5ba9e0be elementor-widget elementor-widget-heading\" data-id=\"5ba9e0be\" data-element_type=\"widget\" data-e-type=\"widget\" data-widget_type=\"heading.default\">\n\t\t\t\t<div class=\"elementor-widget-container\">\n\t\t\t\t\t<h2 class=\"elementor-heading-title elementor-size-default\">Guia individual<\/h2>\t\t\t\t<\/div>\n\t\t\t\t<\/div>\n\t\t\t\t<div class=\"elementor-element elementor-element-a9940a3 elementor-widget elementor-widget-text-editor\" data-id=\"a9940a3\" data-element_type=\"widget\" data-e-type=\"widget\" data-widget_type=\"text-editor.default\">\n\t\t\t\t<div class=\"elementor-widget-container\">\n\t\t\t\t\t\t\t\t\t<p>Nos ta brinda gu\u00eda individual pa adulto. E guia por brinda ayudo pa entre otro engrand\u00e1 e sentido di independensha, si\u00f1a anda ku i trese struktura i klaridat, hasi e t\u00f3piko di <a href=\"https:\/\/www.huntu.care\/pap\/gamen\/\">gaming<\/a> un posibel k\u00f2mbersashon, regulashon emoshonal i siko-edukashon. E lokalidat di guia ta depende di e metanan estables\u00e9. E lokalidat por ta na kas, na e lokalidat di Fundashon Huntu pa e Yu \u00f2f unda e guia ta nesesario. Pa kada individual nos ta ofrese un trajekto adeku\u00e1 mirando ku nos ta adapt\u00e1 tur guia segun e nesesidat di kada persona.<\/p><p>Pa mas informashon tokante gaming, <a href=\"https:\/\/www.huntu.care\/pap\/gamen\/\">klek aki<\/a>.<\/p>\t\t\t\t\t\t\t\t<\/div>\n\t\t\t\t<\/div>\n\t\t\t\t<\/div>\n\t\t\t\t<\/div>\n\t\t<div class=\"elementor-element elementor-element-6c1df664 e-con-full e-flex e-con e-parent\" data-id=\"6c1df664\" data-element_type=\"container\" data-e-type=\"container\">\n\t\t<div class=\"elementor-element elementor-element-79c66b37 e-con-full e-flex e-con e-parent\" data-id=\"79c66b37\" data-element_type=\"container\" data-e-type=\"container\" data-settings=\"{&quot;background_background&quot;:&quot;classic&quot;}\">\n\t\t\t\t<div class=\"elementor-element elementor-element-f563343 elementor-widget elementor-widget-image\" data-id=\"f563343\" data-element_type=\"widget\" data-e-type=\"widget\" data-widget_type=\"image.default\">\n\t\t\t\t<div class=\"elementor-widget-container\">\n\t\t\t\t\t\t\t\t\t\t\t\t\t\t\t<img decoding=\"async\" width=\"300\" height=\"300\" src=\"https:\/\/www.huntu.care\/wp-content\/uploads\/2023\/05\/image2vector-14-svg-300x300.png\" class=\"attachment-medium size-medium wp-image-2797\" alt=\"\" srcset=\"https:\/\/www.huntu.care\/wp-content\/uploads\/2023\/05\/image2vector-14-svg-300x300.png 300w, https:\/\/www.huntu.care\/wp-content\/uploads\/2023\/05\/image2vector-14-svg-150x150.png 150w, https:\/\/www.huntu.care\/wp-content\/uploads\/2023\/05\/image2vector-14-svg.png 400w\" sizes=\"(max-width: 300px) 100vw, 300px\" \/>\t\t\t\t\t\t\t\t\t\t\t\t\t\t\t<\/div>\n\t\t\t\t<\/div>\n\t\t\t\t<\/div>\n\t\t<div class=\"elementor-element elementor-element-1640859f e-con-full e-flex e-con e-parent\" data-id=\"1640859f\" data-element_type=\"container\" data-e-type=\"container\">\n\t\t\t\t<div class=\"elementor-element elementor-element-7aea3126 elementor-widget elementor-widget-heading\" data-id=\"7aea3126\" data-element_type=\"widget\" data-e-type=\"widget\" data-widget_type=\"heading.default\">\n\t\t\t\t<div class=\"elementor-widget-container\">\n\t\t\t\t\t<h2 class=\"elementor-heading-title elementor-size-default\">Job coach<\/h2>\t\t\t\t<\/div>\n\t\t\t\t<\/div>\n\t\t\t\t<div class=\"elementor-element elementor-element-556c7542 elementor-widget elementor-widget-text-editor\" data-id=\"556c7542\" data-element_type=\"widget\" data-e-type=\"widget\" data-widget_type=\"text-editor.default\">\n\t\t\t\t<div class=\"elementor-widget-container\">\n\t\t\t\t\t\t\t\t\t<p>Komo job coach nos ta brinda, guia na adulto. E guia por si\u00f1a e trahad\u00f3 anda ku i trese struktura i klaridat den su bida, si\u00f1a proses\u00e1 i anda ku estimulonan, si\u00f1a plania i pone un balansa entre trab\u00f2u i bida priv\u00e1. E guia por duna e do\u00f1o di trab\u00f2u entre otro konseho riba e temanan di komunikashon, kon pa e muebla e espasio, kon trata e empleadonan i siko-edukashon. Lo traha un plan di aserkamentu i momentunan di evaluashon regular entre e do\u00f1o di trab\u00f2u i su empleadonan. E lokalidat di guia ta dependiente di e metanan estables\u00e9. E lokalidat por ta na kas, na e lokalidat di Fundashon Huntu pa e Yu \u00f2f unda e guia ta nesesario. Nos ta ofrese un trajekto adeku\u00e1 mirando ku nos ta adapt\u00e1 tur guia na e nesesidat di kada petishon. Job coaching semper lo tuma lug\u00e1 i kombinashon ku gu\u00eda individual, paso e situashon priv\u00e1 ta influensha e rendimentu di trab\u00f2u. <\/p>\t\t\t\t\t\t\t\t<\/div>\n\t\t\t\t<\/div>\n\t\t\t\t<\/div>\n\t\t\t\t<\/div>\n\t\t\t\t<\/div>\n\t\t","protected":false},"excerpt":{"rendered":"<p>Guia pa adulto General Guia ta apto pa tur adulto ku mester di \u00e8kstra guia \u00f2f struktura. Un diagnostiko pa risib\u00ed ayudo no ta nesesario tanten e adulto ta habr\u00ed pa ha\u00f1a guia. Durante di guia ta pone hopi atenshon na struktura, planiamentu, predesibilidat i klaridat. Nos ta spesialis\u00e1 den outismo, pero e m\u00e9todo aki [&hellip;]<\/p>\n","protected":false},"author":2,"featured_media":0,"parent":0,"menu_order":0,"comment_status":"closed","ping_status":"closed","template":"","meta":{"footnotes":""},"class_list":["post-3013","page","type-page","status-publish","hentry"],"yoast_head":"<!-- This site is optimized with the Yoast SEO plugin v27.5 - https:\/\/yoast.com\/product\/yoast-seo-wordpress\/ -->\n<title>Guia pa adulto - Fundashon huntu pa e yu<\/title>\n<meta name=\"description\" content=\"Bo ta buska guia pa adulto na K\u00f2rsou? Huntu pa e Yu ta yuda ku struktura, balanse, job coaching i guia pa outismo \u00f2f burn-out.\" \/>\n<meta name=\"robots\" content=\"index, follow, max-snippet:-1, max-image-preview:large, max-video-preview:-1\" \/>\n<link rel=\"canonical\" href=\"https:\/\/www.huntu.care\/pap\/guia-pa-adulto\/\" \/>\n<meta property=\"og:locale\" content=\"en_US\" \/>\n<meta property=\"og:type\" content=\"article\" \/>\n<meta property=\"og:title\" content=\"Guia pa adulto - Fundashon huntu pa e yu\" \/>\n<meta property=\"og:description\" content=\"Bo ta buska guia pa adulto na K\u00f2rsou? Huntu pa e Yu ta yuda ku struktura, balanse, job coaching i guia pa outismo \u00f2f burn-out.\" \/>\n<meta property=\"og:url\" content=\"https:\/\/www.huntu.care\/pap\/guia-pa-adulto\/\" \/>\n<meta property=\"og:site_name\" content=\"Fundashon huntu pa e yu\" \/>\n<meta property=\"article:publisher\" content=\"https:\/\/www.facebook.com\/huntu.care\" \/>\n<meta property=\"article:modified_time\" content=\"2025-11-05T16:27:34+00:00\" \/>\n<meta property=\"og:image\" content=\"https:\/\/www.huntu.care\/wp-content\/uploads\/2023\/05\/image2vector-13-svg.png\" \/>\n\t<meta property=\"og:image:width\" content=\"400\" \/>\n\t<meta property=\"og:image:height\" content=\"400\" \/>\n\t<meta property=\"og:image:type\" content=\"image\/png\" \/>\n<meta name=\"twitter:card\" content=\"summary_large_image\" \/>\n<meta name=\"twitter:label1\" content=\"Est. reading time\" \/>\n\t<meta name=\"twitter:data1\" content=\"2 minutes\" \/>\n<script type=\"application\/ld+json\" class=\"yoast-schema-graph\">{\"@context\":\"https:\\\/\\\/schema.org\",\"@graph\":[{\"@type\":\"WebPage\",\"@id\":\"https:\\\/\\\/www.huntu.care\\\/pap\\\/guia-pa-adulto\\\/\",\"url\":\"https:\\\/\\\/www.huntu.care\\\/pap\\\/guia-pa-adulto\\\/\",\"name\":\"Guia pa adulto - Fundashon huntu pa e yu\",\"isPartOf\":{\"@id\":\"https:\\\/\\\/www.huntu.care\\\/pap\\\/#website\"},\"primaryImageOfPage\":{\"@id\":\"https:\\\/\\\/www.huntu.care\\\/pap\\\/guia-pa-adulto\\\/#primaryimage\"},\"image\":{\"@id\":\"https:\\\/\\\/www.huntu.care\\\/pap\\\/guia-pa-adulto\\\/#primaryimage\"},\"thumbnailUrl\":\"https:\\\/\\\/www.huntu.care\\\/wp-content\\\/uploads\\\/2023\\\/05\\\/image2vector-13-svg-300x300.png\",\"datePublished\":\"2023-05-12T18:22:06+00:00\",\"dateModified\":\"2025-11-05T16:27:34+00:00\",\"description\":\"Bo ta buska guia pa adulto na K\u00f2rsou? Huntu pa e Yu ta yuda ku struktura, balanse, job coaching i guia pa outismo \u00f2f burn-out.\",\"breadcrumb\":{\"@id\":\"https:\\\/\\\/www.huntu.care\\\/pap\\\/guia-pa-adulto\\\/#breadcrumb\"},\"inLanguage\":\"pa-PA\",\"potentialAction\":[{\"@type\":\"ReadAction\",\"target\":[\"https:\\\/\\\/www.huntu.care\\\/pap\\\/guia-pa-adulto\\\/\"]}]},{\"@type\":\"ImageObject\",\"inLanguage\":\"pa-PA\",\"@id\":\"https:\\\/\\\/www.huntu.care\\\/pap\\\/guia-pa-adulto\\\/#primaryimage\",\"url\":\"https:\\\/\\\/www.huntu.care\\\/wp-content\\\/uploads\\\/2023\\\/05\\\/image2vector-13-svg-300x300.png\",\"contentUrl\":\"https:\\\/\\\/www.huntu.care\\\/wp-content\\\/uploads\\\/2023\\\/05\\\/image2vector-13-svg-300x300.png\"},{\"@type\":\"BreadcrumbList\",\"@id\":\"https:\\\/\\\/www.huntu.care\\\/pap\\\/guia-pa-adulto\\\/#breadcrumb\",\"itemListElement\":[{\"@type\":\"ListItem\",\"position\":1,\"name\":\"Home\",\"item\":\"https:\\\/\\\/www.huntu.care\\\/pap\\\/home\\\/\"},{\"@type\":\"ListItem\",\"position\":2,\"name\":\"Guia pa adulto\"}]},{\"@type\":\"WebSite\",\"@id\":\"https:\\\/\\\/www.huntu.care\\\/pap\\\/#website\",\"url\":\"https:\\\/\\\/www.huntu.care\\\/pap\\\/\",\"name\":\"Fundashon huntu pa e yu\",\"description\":\"Passende ondersteuning zonder zorgen\",\"publisher\":{\"@id\":\"https:\\\/\\\/www.huntu.care\\\/pap\\\/#organization\"},\"potentialAction\":[{\"@type\":\"SearchAction\",\"target\":{\"@type\":\"EntryPoint\",\"urlTemplate\":\"https:\\\/\\\/www.huntu.care\\\/pap\\\/?s={search_term_string}\"},\"query-input\":{\"@type\":\"PropertyValueSpecification\",\"valueRequired\":true,\"valueName\":\"search_term_string\"}}],\"inLanguage\":\"pa-PA\"},{\"@type\":\"Organization\",\"@id\":\"https:\\\/\\\/www.huntu.care\\\/pap\\\/#organization\",\"name\":\"Fundashon huntu pa e yu\",\"url\":\"https:\\\/\\\/www.huntu.care\\\/pap\\\/\",\"logo\":{\"@type\":\"ImageObject\",\"inLanguage\":\"pa-PA\",\"@id\":\"https:\\\/\\\/www.huntu.care\\\/pap\\\/#\\\/schema\\\/logo\\\/image\\\/\",\"url\":\"https:\\\/\\\/www.huntu.care\\\/wp-content\\\/uploads\\\/2022\\\/07\\\/HUNTU-rgb-kleur.png\",\"contentUrl\":\"https:\\\/\\\/www.huntu.care\\\/wp-content\\\/uploads\\\/2022\\\/07\\\/HUNTU-rgb-kleur.png\",\"width\":432,\"height\":97,\"caption\":\"Fundashon huntu pa e yu\"},\"image\":{\"@id\":\"https:\\\/\\\/www.huntu.care\\\/pap\\\/#\\\/schema\\\/logo\\\/image\\\/\"},\"sameAs\":[\"https:\\\/\\\/www.facebook.com\\\/huntu.care\",\"https:\\\/\\\/www.linkedin.com\\\/company\\\/huntu-cw\\\/\",\"https:\\\/\\\/www.instagram.com\\\/huntu.care\"]}]}<\/script>\n<!-- \/ Yoast SEO plugin. -->","yoast_head_json":{"title":"Guia pa adulto - Fundashon huntu pa e yu","description":"Bo ta buska guia pa adulto na K\u00f2rsou? Huntu pa e Yu ta yuda ku struktura, balanse, job coaching i guia pa outismo \u00f2f burn-out.","robots":{"index":"index","follow":"follow","max-snippet":"max-snippet:-1","max-image-preview":"max-image-preview:large","max-video-preview":"max-video-preview:-1"},"canonical":"https:\/\/www.huntu.care\/pap\/guia-pa-adulto\/","og_locale":"en_US","og_type":"article","og_title":"Guia pa adulto - Fundashon huntu pa e yu","og_description":"Bo ta buska guia pa adulto na K\u00f2rsou? Huntu pa e Yu ta yuda ku struktura, balanse, job coaching i guia pa outismo \u00f2f burn-out.","og_url":"https:\/\/www.huntu.care\/pap\/guia-pa-adulto\/","og_site_name":"Fundashon huntu pa e yu","article_publisher":"https:\/\/www.facebook.com\/huntu.care","article_modified_time":"2025-11-05T16:27:34+00:00","og_image":[{"width":400,"height":400,"url":"https:\/\/www.huntu.care\/wp-content\/uploads\/2023\/05\/image2vector-13-svg.png","type":"image\/png"}],"twitter_card":"summary_large_image","twitter_misc":{"Est. reading time":"2 minutes"},"schema":{"@context":"https:\/\/schema.org","@graph":[{"@type":"WebPage","@id":"https:\/\/www.huntu.care\/pap\/guia-pa-adulto\/","url":"https:\/\/www.huntu.care\/pap\/guia-pa-adulto\/","name":"Guia pa adulto - Fundashon huntu pa e yu","isPartOf":{"@id":"https:\/\/www.huntu.care\/pap\/#website"},"primaryImageOfPage":{"@id":"https:\/\/www.huntu.care\/pap\/guia-pa-adulto\/#primaryimage"},"image":{"@id":"https:\/\/www.huntu.care\/pap\/guia-pa-adulto\/#primaryimage"},"thumbnailUrl":"https:\/\/www.huntu.care\/wp-content\/uploads\/2023\/05\/image2vector-13-svg-300x300.png","datePublished":"2023-05-12T18:22:06+00:00","dateModified":"2025-11-05T16:27:34+00:00","description":"Bo ta buska guia pa adulto na K\u00f2rsou? Huntu pa e Yu ta yuda ku struktura, balanse, job coaching i guia pa outismo \u00f2f burn-out.","breadcrumb":{"@id":"https:\/\/www.huntu.care\/pap\/guia-pa-adulto\/#breadcrumb"},"inLanguage":"pa-PA","potentialAction":[{"@type":"ReadAction","target":["https:\/\/www.huntu.care\/pap\/guia-pa-adulto\/"]}]},{"@type":"ImageObject","inLanguage":"pa-PA","@id":"https:\/\/www.huntu.care\/pap\/guia-pa-adulto\/#primaryimage","url":"https:\/\/www.huntu.care\/wp-content\/uploads\/2023\/05\/image2vector-13-svg-300x300.png","contentUrl":"https:\/\/www.huntu.care\/wp-content\/uploads\/2023\/05\/image2vector-13-svg-300x300.png"},{"@type":"BreadcrumbList","@id":"https:\/\/www.huntu.care\/pap\/guia-pa-adulto\/#breadcrumb","itemListElement":[{"@type":"ListItem","position":1,"name":"Home","item":"https:\/\/www.huntu.care\/pap\/home\/"},{"@type":"ListItem","position":2,"name":"Guia pa adulto"}]},{"@type":"WebSite","@id":"https:\/\/www.huntu.care\/pap\/#website","url":"https:\/\/www.huntu.care\/pap\/","name":"Fundashon huntu pa e yu","description":"Passende ondersteuning zonder zorgen","publisher":{"@id":"https:\/\/www.huntu.care\/pap\/#organization"},"potentialAction":[{"@type":"SearchAction","target":{"@type":"EntryPoint","urlTemplate":"https:\/\/www.huntu.care\/pap\/?s={search_term_string}"},"query-input":{"@type":"PropertyValueSpecification","valueRequired":true,"valueName":"search_term_string"}}],"inLanguage":"pa-PA"},{"@type":"Organization","@id":"https:\/\/www.huntu.care\/pap\/#organization","name":"Fundashon huntu pa e yu","url":"https:\/\/www.huntu.care\/pap\/","logo":{"@type":"ImageObject","inLanguage":"pa-PA","@id":"https:\/\/www.huntu.care\/pap\/#\/schema\/logo\/image\/","url":"https:\/\/www.huntu.care\/wp-content\/uploads\/2022\/07\/HUNTU-rgb-kleur.png","contentUrl":"https:\/\/www.huntu.care\/wp-content\/uploads\/2022\/07\/HUNTU-rgb-kleur.png","width":432,"height":97,"caption":"Fundashon huntu pa e yu"},"image":{"@id":"https:\/\/www.huntu.care\/pap\/#\/schema\/logo\/image\/"},"sameAs":["https:\/\/www.facebook.com\/huntu.care","https:\/\/www.linkedin.com\/company\/huntu-cw\/","https:\/\/www.instagram.com\/huntu.care"]}]}},"_links":{"self":[{"href":"https:\/\/www.huntu.care\/pap\/wp-json\/wp\/v2\/pages\/3013","targetHints":{"allow":["GET"]}}],"collection":[{"href":"https:\/\/www.huntu.care\/pap\/wp-json\/wp\/v2\/pages"}],"about":[{"href":"https:\/\/www.huntu.care\/pap\/wp-json\/wp\/v2\/types\/page"}],"author":[{"embeddable":true,"href":"https:\/\/www.huntu.care\/pap\/wp-json\/wp\/v2\/users\/2"}],"replies":[{"embeddable":true,"href":"https:\/\/www.huntu.care\/pap\/wp-json\/wp\/v2\/comments?post=3013"}],"version-history":[{"count":0,"href":"https:\/\/www.huntu.care\/pap\/wp-json\/wp\/v2\/pages\/3013\/revisions"}],"wp:attachment":[{"href":"https:\/\/www.huntu.care\/pap\/wp-json\/wp\/v2\/media?parent=3013"}],"curies":[{"name":"wp","href":"https:\/\/api.w.org\/{rel}","templated":true}]}}